{"id":29,"date":"2020-02-04T16:01:31","date_gmt":"2020-02-04T19:01:31","guid":{"rendered":"http:\/\/rosariognc.com\/web\/?page_id=29"},"modified":"2020-02-05T23:09:40","modified_gmt":"2020-02-06T02:09:40","slug":"empresa","status":"publish","type":"page","link":"http:\/\/rosariognc.com\/web\/empresa\/","title":{"rendered":"Empresa"},"content":{"rendered":"<p>[vc_row tm_bgcolor=\u00bbwhite\u00bb tm_bgimagefixed=\u00bb\u00bb break_in_responsive=\u00bb1200&#8243; full_width=\u00bbstretch_row\u00bb equal_height=\u00bbyes\u00bb content_placement=\u00bbmiddle\u00bb css=\u00bb.vc_custom_1580867922835{padding-bottom: 70px !important;}\u00bb el_class=\u00bbpadding-bottom-15px-991 padding-top-0px-991&#8243;][vc_column tm_bgcolor=\u00bbgrey\u00bb tm_col_bg_expand=\u00bbleft\u00bb width=\u00bb1\/4&#8243; css=\u00bb.vc_custom_1533714802394{padding-top: 70px !important;padding-bottom: 40px !important;}\u00bb][vc_row_inner css=\u00bb.vc_custom_1536908795161{margin-right: -240px !important;}\u00bb tm_responsive_css=\u00bb33389249|colbreak_no||0px|||||||colbreak_no|||||||||colbreak_no||||||||||colbreak_no|||||||||\u00bb][vc_column_inner][vc_single_image image=\u00bb35&#8243; img_size=\u00bb470*627&#8243; alignment=\u00bbcenter\u00bb el_class=\u00bbttm-custom-margin-all-0px-991&#8243;][\/vc_column_inner][\/vc_row_inner][\/vc_column][vc_column width=\u00bb3\/4&#8243;][vc_row_inner break_in_responsive=\u00bb991&#8243; css=\u00bb.vc_custom_1533709780070{padding-top: 40px !important;}\u00bb][vc_column_inner width=\u00bb1\/4&#8243;][\/vc_column_inner][vc_column_inner reduce_extra_padding=\u00bb991&#8243; width=\u00bb3\/4&#8243; css=\u00bb.vc_custom_1533621740556{padding-top: 23px !important;padding-left: 40px !important;}\u00bb]<div class=\"tm-element-heading-wrapper tm-heading-inner tm-element-align-left tm-seperator-solid tm-heading-style-vertical  vc_custom_1580846874578\"><section class=\"tm-vc_cta3-container\"><div class=\"tm-vc_general tm-vc_cta3 tm-cta3-only tm-vc_cta3-style-classic tm-vc_cta3-shape-rounded tm-vc_cta3-align-left tm-vc_cta3-color-transparent tm-vc_cta3-icon-size-md tm-vc_cta3-actions-no tm-cta3-without-desc\"><div class=\"tm-vc_cta3_content-container\"><div class=\"tm-vc_cta3-content\"><header class=\"tm-vc_cta3-content-header tm-wrap\"><div class=\"tm-vc_cta3-headers tm-wrap-cell\"><h4 class=\"tm-custom-heading \" >Rosario GNC<\/h4>\n<h2 class=\"tm-custom-heading \" >Conozca m\u00e1s <strong>acerca nuestro<\/strong><\/h2>\n<\/div><div class=\"heading-seperator\"><span><\/span><\/div><\/header><\/div><\/div><\/div><\/section><\/div> <!-- .tm-element-heading-wrapper container --> [vc_column_text]<strong>Rosario GNC<\/strong> es una empresa rosarina, especializada en la conversi\u00f3n vehicular a GNC, con una amplia trayectoria en el mercado, brindamos la m\u00e1s alta calidad en todos nuestros equipos, tecnolog\u00eda y seguridad.<br \/>\nNos dedicamos a la comercializaci\u00f3n e instalaci\u00f3n de equipos de GNC de tercera, cuarta y quinta generaci\u00f3n.<br \/>\nRealizamos pruebas hidr\u00e1ulicas y renovaciones de obleas.<\/p>\n<p>Contamos con un equipo humano y profesional de t\u00e9cnicos e ingenieros, altamente capacitados, para dar respuesta a la demanda y necesidades del mercado, enfocados en todo momento, en brindar un servicio de m\u00e1xima calidad, garant\u00eda y confiabilidad.<\/p>\n<p>Estamos trabajando arduamente para ser empresa mayorista de GNC, PEC (Productores de Equipos Completos habilitados por el ENARGAS), para proveer insumos para realizar las instalaciones de equipos de GNC, como as\u00ed tambi\u00e9n sus habilitaciones. Trabajamos con talleres, concesionarios, y le proveemos de estos insumos y servicios.[\/vc_column_text][\/vc_column_inner][\/vc_row_inner][\/vc_column][\/vc_row][vc_row tm_bgcolor=\u00bbwhite\u00bb tm_bgimagefixed=\u00bb\u00bb full_width=\u00bbstretch_row\u00bb css=\u00bb.vc_custom_1580867937282{margin-top: 0px !important;padding-top: 0px !important;}\u00bb][vc_column]<div class=\"themetechmount-boxes themetechmount-boxes-client themetechmount-boxes-view-carousel themetechmount-boxes-col-five themetechmount-boxes-sortable- themetechmount-boxes-textalign-center themetechmount-boxes-sortablebutton- tm-boxes-carousel-arrow- tm-boxes-carousel-arrows-side\" data-tm-speed=\"1500\" data-tm-autoplay=\"1\" data-tm-autoplayspeed=\"4500\" data-tm-loop=\"1\" data-tm-dots=\"0\" data-tm-nav=\"1\" data-tm-centermode=\"0\" data-tm-pauseonfocus=\"1\" data-tm-pauseonhover=\"1\" data-tm-slidestoscroll=\"column\" data-tm-effecttype=\"slide\">\n\t\t<div class=\"themetechmount-boxes-inner themetechmount-boxes-client-inner \"><div class=\"themetechmount-box-heading-wrapper tm-element-align-center\"><div class=\"tm-element-heading-wrapper tm-heading-inner tm-element-align-center tm-seperator-solid tm-heading-style-vertical \"><section class=\"tm-vc_cta3-container\"><div class=\"tm-vc_general tm-vc_cta3 tm-cta3-only tm-vc_cta3-style-classic tm-vc_cta3-shape-rounded tm-vc_cta3-align-center tm-vc_cta3-color-transparent tm-vc_cta3-icon-size-md tm-vc_cta3-actions-no tm-cta3-without-desc\"><div class=\"tm-vc_cta3_content-container\"><div class=\"tm-vc_cta3-content\"><header class=\"tm-vc_cta3-content-header tm-wrap\"><div class=\"tm-vc_cta3-headers tm-wrap-cell\"><h2 class=\"tm-custom-heading \" >Trabajamos todas las marcas<br \/>\ny modelos de veh\u00edculos<\/h2>\n<\/div><div class=\"heading-seperator\"><span><\/span><\/div><\/header><\/div><\/div><\/div><\/section><\/div> <!-- .tm-element-heading-wrapper container --> <\/div> <!-- .tm-element-heading-wrapper container --> \n\t\t\t\n\t\t\t<div class=\"row multi-columns-row themetechmount-boxes-row-wrapper\">\n\t\t\t\t<div class=\"tm-box-col-wrapper col-lg-20percent col-sm-4 col-md-4 col-xs-12 \"><div class=\"tm-client-logo-box-w\"><span class=\"themetechmount-box themetechmount-box-client themetechmount-box-view-simple-logo themetechmount-client-box-view-simple-logo\">\n\t\n\t\t<span class=\"themetechmount-item-thumbnail\">\n\t\t\t<span class=\"themetechmount-item-thumbnail-inner\">\n\t\t\t\t<img loading=\"lazy\" decoding=\"async\" width=\"150\" height=\"75\" src=\"http:\/\/rosariognc.com\/web\/wp-content\/uploads\/2020\/02\/jeep-3-oki836bxfkc05eutibkw9ypver8u2gmr3060xvugz2.png\" class=\"attachment-full size-full wp-post-image\" alt=\"\" \/>\n\t\t\t<\/span>\n\t\t<\/span><\/span>\n<\/div><!-- .tm-client-logo-box-w --> <\/div><div class=\"tm-box-col-wrapper col-lg-20percent col-sm-4 col-md-4 col-xs-12 \"><div class=\"tm-client-logo-box-w\"><span class=\"themetechmount-box themetechmount-box-client themetechmount-box-view-simple-logo themetechmount-client-box-view-simple-logo\">\n\t\n\t\t<span class=\"themetechmount-item-thumbnail\">\n\t\t\t<span class=\"themetechmount-item-thumbnail-inner\">\n\t\t\t\t<img loading=\"lazy\" decoding=\"async\" width=\"150\" height=\"75\" src=\"http:\/\/rosariognc.com\/web\/wp-content\/uploads\/2020\/02\/chery-oki83dumy8maqajwaetwtwtk5u7rs1gls1dws3jbla.png\" class=\"attachment-full size-full wp-post-image\" alt=\"\" \/>\n\t\t\t<\/span>\n\t\t<\/span><\/span>\n<\/div><!-- .tm-client-logo-box-w --> <\/div><div class=\"tm-box-col-wrapper col-lg-20percent col-sm-4 col-md-4 col-xs-12 \"><div class=\"tm-client-logo-box-w\"><span class=\"themetechmount-box themetechmount-box-client themetechmount-box-view-simple-logo themetechmount-client-box-view-simple-logo\">\n\t\n\t\t<span class=\"themetechmount-item-thumbnail\">\n\t\t\t<span class=\"themetechmount-item-thumbnail-inner\">\n\t\t\t\t<img loading=\"lazy\" decoding=\"async\" width=\"150\" height=\"75\" src=\"http:\/\/rosariognc.com\/web\/wp-content\/uploads\/2020\/02\/chevrolet-oki83esh52nl1wij4x8jeel0r834zqkc461e9dhxf2.png\" class=\"attachment-full size-full wp-post-image\" alt=\"\" \/>\n\t\t\t<\/span>\n\t\t<\/span><\/span>\n<\/div><!-- .tm-client-logo-box-w --> <\/div><div class=\"tm-box-col-wrapper col-lg-20percent col-sm-4 col-md-4 col-xs-12 \"><div class=\"tm-client-logo-box-w\"><span class=\"themetechmount-box themetechmount-box-client themetechmount-box-view-simple-logo themetechmount-client-box-view-simple-logo\">\n\t\n\t\t<span class=\"themetechmount-item-thumbnail\">\n\t\t\t<span class=\"themetechmount-item-thumbnail-inner\">\n\t\t\t\t<img loading=\"lazy\" decoding=\"async\" width=\"150\" height=\"75\" src=\"http:\/\/rosariognc.com\/web\/wp-content\/uploads\/2020\/02\/peugeot-oki83a3a6wh5fupcwd7ejxrpsaqax91ofiryuzowa6.png\" class=\"attachment-full size-full wp-post-image\" alt=\"\" \/>\n\t\t\t<\/span>\n\t\t<\/span><\/span>\n<\/div><!-- .tm-client-logo-box-w --> <\/div><div class=\"tm-box-col-wrapper col-lg-20percent col-sm-4 col-md-4 col-xs-12 \"><div class=\"tm-client-logo-box-w\"><span class=\"themetechmount-box themetechmount-box-client themetechmount-box-view-simple-logo themetechmount-client-box-view-simple-logo\">\n\t\n\t\t<span class=\"themetechmount-item-thumbnail\">\n\t\t\t<span class=\"themetechmount-item-thumbnail-inner\">\n\t\t\t\t<img loading=\"lazy\" decoding=\"async\" width=\"150\" height=\"75\" src=\"http:\/\/rosariognc.com\/web\/wp-content\/uploads\/2020\/02\/nissan-oki83byykkjq32mmle0noxamz2h1cn953s2xtjm3xq.png\" class=\"attachment-full size-full wp-post-image\" alt=\"\" \/>\n\t\t\t<\/span>\n\t\t<\/span><\/span>\n<\/div><!-- .tm-client-logo-box-w --> <\/div><div class=\"tm-box-col-wrapper col-lg-20percent col-sm-4 col-md-4 col-xs-12 \"><div class=\"tm-client-logo-box-w\"><span class=\"themetechmount-box themetechmount-box-client themetechmount-box-view-simple-logo themetechmount-client-box-view-simple-logo\">\n\t\n\t\t<span class=\"themetechmount-item-thumbnail\">\n\t\t\t<span class=\"themetechmount-item-thumbnail-inner\">\n\t\t\t\t<img loading=\"lazy\" decoding=\"async\" width=\"150\" height=\"75\" src=\"http:\/\/rosariognc.com\/web\/wp-content\/uploads\/2020\/02\/reanult-oki8395g02fv48qq1usrzg096wuxpjxy3e4hdpqage.png\" class=\"attachment-full size-full wp-post-image\" alt=\"\" \/>\n\t\t\t<\/span>\n\t\t<\/span><\/span>\n<\/div><!-- .tm-client-logo-box-w --> <\/div><div class=\"tm-box-col-wrapper col-lg-20percent col-sm-4 col-md-4 col-xs-12 \"><div class=\"tm-client-logo-box-w\"><span class=\"themetechmount-box themetechmount-box-client themetechmount-box-view-simple-logo themetechmount-client-box-view-simple-logo\">\n\t\n\t\t<span class=\"themetechmount-item-thumbnail\">\n\t\t\t<span class=\"themetechmount-item-thumbnail-inner\">\n\t\t\t\t<img loading=\"lazy\" decoding=\"async\" width=\"150\" height=\"75\" src=\"http:\/\/rosariognc.com\/web\/wp-content\/uploads\/2020\/02\/lifan-oki8379rmedah0tgctziughc0547a5qhf4tif5t2su.png\" class=\"attachment-full size-full wp-post-image\" alt=\"\" \/>\n\t\t\t<\/span>\n\t\t<\/span><\/span>\n<\/div><!-- .tm-client-logo-box-w --> <\/div><div class=\"tm-box-col-wrapper col-lg-20percent col-sm-4 col-md-4 col-xs-12 \"><div class=\"tm-client-logo-box-w\"><span class=\"themetechmount-box themetechmount-box-client themetechmount-box-view-simple-logo themetechmount-client-box-view-simple-logo\">\n\t\n\t\t<span class=\"themetechmount-item-thumbnail\">\n\t\t\t<span class=\"themetechmount-item-thumbnail-inner\">\n\t\t\t\t<img loading=\"lazy\" decoding=\"async\" width=\"150\" height=\"75\" src=\"http:\/\/rosariognc.com\/web\/wp-content\/uploads\/2020\/02\/ford-oki83go5iqq5p4fsty1sje3xxztvf4rssfcd7xf52m.png\" class=\"attachment-full size-full wp-post-image\" alt=\"\" \/>\n\t\t\t<\/span>\n\t\t<\/span><\/span>\n<\/div><!-- .tm-client-logo-box-w --> <\/div>\n\t\t\t<\/div>\n\t\t<\/div><!-- .themetechmount-boxes-inner -->   <\/div><!-- .themetechmount-boxes -->  [\/vc_column][\/vc_row]<\/p>\n","protected":false},"excerpt":{"rendered":"<p>[vc_row tm_bgcolor=\u00bbwhite\u00bb tm_bgimagefixed=\u00bb\u00bb break_in_responsive=\u00bb1200&#8243; full_width=\u00bbstretch_row\u00bb equal_height=\u00bbyes\u00bb content_placement=\u00bbmiddle\u00bb css=\u00bb.vc_custom_1580867922835{padding-bottom: 70px !important;}\u00bb el_class=\u00bbpadding-bottom-15px-991 padding-top-0px-991&#8243;][vc_column tm_bgcolor=\u00bbgrey\u00bb tm_col_bg_expand=\u00bbleft\u00bb width=\u00bb1\/4&#8243; css=\u00bb.vc_custom_1533714802394{padding-top: 70px !important;padding-bottom: 40px !important;}\u00bb][vc_row_inner css=\u00bb.vc_custom_1536908795161{margin-right: -240px !important;}\u00bb tm_responsive_css=\u00bb33389249|colbreak_no||0px|||||||colbreak_no|||||||||colbreak_no||||||||||colbreak_no|||||||||\u00bb][vc_column_inner][vc_single_image image=\u00bb35&#8243; img_size=\u00bb470*627&#8243; alignment=\u00bbcenter\u00bb el_class=\u00bbttm-custom-margin-all-0px-991&#8243;][\/vc_column_inner][\/vc_row_inner][\/vc_column][vc_column width=\u00bb3\/4&#8243;][vc_row_inner break_in_responsive=\u00bb991&#8243; css=\u00bb.vc_custom_1533709780070{padding-top: 40px !important;}\u00bb][vc_column_inner width=\u00bb1\/4&#8243;][\/vc_column_inner][vc_column_inner reduce_extra_padding=\u00bb991&#8243; width=\u00bb3\/4&#8243; css=\u00bb.vc_custom_1533621740556{padding-top: 23px !important;padding-left: 40px !important;}\u00bb][vc_column_text]Rosario GNC es una empresa rosarina, especializada en la conversi\u00f3n vehicular a GNC, con una &hellip; <a href=\"http:\/\/rosariognc.com\/web\/client\/ford\/\" class=\"more-link\">Continue reading <span class=\"screen-reader-text\">Ford<\/span><\/a><\/p>\n","protected":false},"author":2,"featured_media":0,"parent":0,"menu_order":0,"comment_status":"closed","ping_status":"closed","template":"","meta":{"footnotes":""},"class_list":["post-29","page","type-page","status-publish","hentry"],"_links":{"self":[{"href":"http:\/\/rosariognc.com\/web\/wp-json\/wp\/v2\/pages\/29","targetHints":{"allow":["GET"]}}],"collection":[{"href":"http:\/\/rosariognc.com\/web\/wp-json\/wp\/v2\/pages"}],"about":[{"href":"http:\/\/rosariognc.com\/web\/wp-json\/wp\/v2\/types\/page"}],"author":[{"embeddable":true,"href":"http:\/\/rosariognc.com\/web\/wp-json\/wp\/v2\/users\/2"}],"replies":[{"embeddable":true,"href":"http:\/\/rosariognc.com\/web\/wp-json\/wp\/v2\/comments?post=29"}],"version-history":[{"count":15,"href":"http:\/\/rosariognc.com\/web\/wp-json\/wp\/v2\/pages\/29\/revisions"}],"predecessor-version":[{"id":133,"href":"http:\/\/rosariognc.com\/web\/wp-json\/wp\/v2\/pages\/29\/revisions\/133"}],"wp:attachment":[{"href":"http:\/\/rosariognc.com\/web\/wp-json\/wp\/v2\/media?parent=29"}],"curies":[{"name":"wp","href":"https:\/\/api.w.org\/{rel}","templated":true}]}}