{"id":61,"date":"2020-02-04T23:46:12","date_gmt":"2020-02-05T02:46:12","guid":{"rendered":"http:\/\/rosariognc.com\/web\/?page_id=61"},"modified":"2020-02-05T17:17:31","modified_gmt":"2020-02-05T20:17:31","slug":"productos-y-servicios","status":"publish","type":"page","link":"http:\/\/rosariognc.com\/web\/productos-y-servicios\/","title":{"rendered":"Productos y Servicios"},"content":{"rendered":"<p>[vc_row tm_bgimagefixed=\u00bb\u00bb break_in_responsive=\u00bb991&#8243; full_width=\u00bbstretch_row\u00bb equal_height=\u00bbyes\u00bb css=\u00bb.vc_custom_1580915808782{padding-top: 55px !important;padding-bottom: 86px !important;background-image: url(http:\/\/rosariognc.com\/web\/wp-content\/uploads\/2020\/02\/bg-tubos-productos-2.jpg?id=98) !important;background-position: center !important;background-repeat: no-repeat !important;background-size: cover !important;}\u00bb][vc_column reduce_extra_padding=\u00bb991&#8243; css=\u00bb.vc_custom_1533554363178{padding-top: 38px !important;}\u00bb el_class=\u00bbtm-heading-sub-heading\u00bb]<h2 style=\"text-align:left;font-size:60px;line-height:72px;color:#ffffff;\" class=\"tm-custom-heading tm-skincolor-strong \" ><strong>S\u00f3lo<\/strong> lo mejor<br \/>\npara tu veh\u00edculo<\/h2>\n<p style=\"text-align:left;font-size:20px;line-height:32px;\" class=\"tm-custom-heading vc_custom_1580914582767\" >Estamos comprometidos absolutamente con la calidad<br \/>\nde los productos que instalamos. Nuestros equipos de<br \/>\nprimer nivel son instalados cuidadosamente.<\/p>\n\n\t\t<div class=\"tm-vc_btn3-container tm-vc_btn3-inline\"><a class=\"tm-vc_general tm-vc_btn3 tm-vc_btn3-size-md tm-vc_btn3-shape-square tm-vc_btn3-style-flat tm-vc_btn3-weight-no tm-vc_btn3-color-skincolor\" href=\"http:\/\/rosariognc.com\/web\/contacto\/\" title=\"Contacto\">Solicite presupuesto<\/a><\/div>[\/vc_column][\/vc_row][vc_row tm_bgimagefixed=\u00bb\u00bb full_width=\u00bbstretch_row\u00bb css=\u00bb.vc_custom_1536844498471{padding-top: 93px !important;padding-bottom: 95px !important;}\u00bb][vc_column][vc_row_inner css=\u00bb.vc_custom_1536726422538{margin-right: 0px !important;margin-left: 0px !important;}\u00bb][vc_column_inner width=\u00bb9\/12&#8243; css=\u00bb.vc_custom_1537007882577{padding-right: 25px !important;padding-left: 0px !important;}\u00bb tm_responsive_css=\u00bb69585834|colbreak_no|||||||||colbreak_no|||||||||colbreak_no||||||0px||||colbreak_no|||||||||\u00bb]<div class=\"tm-element-heading-wrapper tm-heading-inner tm-element-align-left tm-seperator-solid tm-heading-style-vertical  vc_custom_1580872286703\"><section class=\"tm-vc_cta3-container\"><div class=\"tm-vc_general tm-vc_cta3 tm-cta3-only tm-vc_cta3-style-classic tm-vc_cta3-shape-rounded tm-vc_cta3-align-left tm-vc_cta3-color-transparent tm-vc_cta3-icon-size-md tm-vc_cta3-actions-no tm-cta3-without-desc\"><div class=\"tm-vc_cta3_content-container\"><div class=\"tm-vc_cta3-content\"><header class=\"tm-vc_cta3-content-header tm-wrap\"><div class=\"tm-vc_cta3-headers tm-wrap-cell\"><h2 class=\"tm-custom-heading \" >Todos nuestros servicios <strong>a su entera disposici\u00f3n<\/strong><\/h2>\n<\/div><div class=\"heading-seperator\"><span><\/span><\/div><\/header><\/div><\/div><\/div><\/section><\/div> <!-- .tm-element-heading-wrapper container --> [vc_column_text css=\u00bb.vc_custom_1580872194006{margin-top: -25px !important;}\u00bb]Tenemos los mejores equipos para convertir su auto a GNC, renovarle la oblea y brindarle asesoramiento profesional, en todo momento.[\/vc_column_text][\/vc_column_inner][vc_column_inner el_class=\u00bbtm-reset-button-left-767&#8243; width=\u00bb3\/12&#8243; css=\u00bb.vc_custom_1536727173309{padding-top: 23px !important;padding-right: 0px !important;padding-left: 0px !important;}\u00bb]\n\t\t<div class=\"tm-vc_btn3-container tm-vc_btn3-right\"><a class=\"tm-vc_general tm-vc_btn3 tm-vc_btn3-size-md tm-vc_btn3-shape-square tm-vc_btn3-style-outline tm-vc_btn3-weight-no tm-vc_btn3-color-skincolor\" href=\"http:\/\/rosariognc.com\/web\/contacto\/\" title=\"Contacto\">Consultenos Hoy!<\/a><\/div>[\/vc_column_inner][\/vc_row_inner][\/vc_column][\/vc_row][vc_row tm_bgcolor=\u00bbwhite\u00bb tm_bgimagefixed=\u00bb\u00bb full_width=\u00bbstretch_row\u00bb css=\u00bb.vc_custom_1537176737329{padding-top: 0px !important;padding-bottom: 0px !important;}\u00bb][vc_column][vc_row_inner equal_height=\u00bbyes\u00bb css=\u00bb.vc_custom_1580872733400{margin-top: -70px !important;}\u00bb][vc_column_inner tm_shadow=\u00bbyes\u00bb width=\u00bb1\/3&#8243;][vc_single_image image=\u00bb100&#8243; img_size=\u00bbfull\u00bb alignment=\u00bbcenter\u00bb css=\u00bb.vc_custom_1580932644731{margin-bottom: 0px !important;}\u00bb]<div class=\"tm-sbox tm-sbox-iconalign-top-left none tm-sbox-bgcolor-transparent tm-bgcolor-transparent tm-sbox-textcolor- tm-textcolor- tm-sbox-isize-sm tm-sbox-isize-sm tm-sbox-istyle-boxed vc_custom_1580914337458 tm-sbox-heading-only top-overlay-icon-box\"><section class=\"tm-vc_cta3-container\"><div class=\"tm-vc_general tm-vc_cta3 tm-vc_cta3-align-left tm-vc_cta3-icon-size-sm tm-vc_cta3-icons-top tm-vc_cta3-actions-bottom\"><div class=\"tm-vc_cta3-icons tm-wrap-cell\"><div class=\"tm-vc_icon_element tm-vc_icon_element-outer tm-vc_icon_element-align-left  tm-vc_icon_element-have-style\"><div class=\"tm-vc_icon_element-inner  tm-vc_icon_element-have-style-inner tm-vc_icon_element-color-white tm-vc_icon_element-size-sm tm-vc_icon_element-style-boxed tm-vc_icon_element-background tm-vc_icon_element-background-color-skincolor\" ><span class=\"tm-vc_icon_element-icon kw_tectxon flaticon-conveyor\" ><\/span><\/div><\/div><\/div><div class=\"tm-vc_cta3_content-container\"><div class=\"tm-vc_cta3-content\"><div class=\"tm-vc_cta3-content-header tm-wrap\"><div class=\"tm-vc_cta3-headers tm-wrap-cell\"><h2 class=\"tm-custom-heading \" >Instalaci\u00f3n de Equipos<\/h2>\n<\/div><\/div><\/div><div class=\"tm-cta3-desc-btn-wrapper\"><div class=\"tm-cta3-description\"><div class=\"tm-cta3-content-wrapper\"><p>Instalamos GNC en Rosario: Con la m\u00e1s avanzada tecnolog\u00eda, instalamos equipos GNC, a toda la gama de veh\u00edculos del mercado, seg\u00fan las normas vigentes certificadas.<\/p><\/div><\/div>\n\t\t<div class=\"tm-vc_btn3-container tm-vc_btn3-inline\"><a class=\"tm-vc_general tm-vc_btn3 tm-vc_btn3-size-md tm-vc_btn3-shape-round tm-vc_btn3-style-text tm-vc_btn3-weight-no tm-vc_btn3-icon-right tm-vc_btn3-color-skincolor\" href=\"http:\/\/rosariognc.com\/web\/acerca-del-gnc\/\" title=\"Acerca del GNC\">Acerca del GNC <i class=\"tm-vc_btn3-icon themifyicon ti-arrow-circle-right\"><\/i><\/a><\/div><\/div><\/div><\/div><\/section><\/div>[\/vc_column_inner][vc_column_inner tm_shadow=\u00bbyes\u00bb width=\u00bb1\/3&#8243;][vc_single_image image=\u00bb101&#8243; img_size=\u00bbfull\u00bb alignment=\u00bbcenter\u00bb css=\u00bb.vc_custom_1580932650078{margin-bottom: 0px !important;}\u00bb]<div class=\"tm-sbox tm-sbox-iconalign-top-left none tm-sbox-bgcolor-transparent tm-bgcolor-transparent tm-sbox-textcolor- tm-textcolor- tm-sbox-isize-sm tm-sbox-isize-sm tm-sbox-istyle-boxed vc_custom_1580872707473 tm-sbox-heading-only top-overlay-icon-box\"><section class=\"tm-vc_cta3-container\"><div class=\"tm-vc_general tm-vc_cta3 tm-vc_cta3-align-left tm-vc_cta3-icon-size-sm tm-vc_cta3-icons-top tm-vc_cta3-actions-no\"><div class=\"tm-vc_cta3-icons tm-wrap-cell\"><div class=\"tm-vc_icon_element tm-vc_icon_element-outer tm-vc_icon_element-align-left  tm-vc_icon_element-have-style\"><div class=\"tm-vc_icon_element-inner  tm-vc_icon_element-have-style-inner tm-vc_icon_element-color-white tm-vc_icon_element-size-sm tm-vc_icon_element-style-boxed tm-vc_icon_element-background tm-vc_icon_element-background-color-skincolor\" ><span class=\"tm-vc_icon_element-icon kw_tectxon flaticon-conveyor\" ><\/span><\/div><\/div><\/div><div class=\"tm-vc_cta3_content-container\"><div class=\"tm-vc_cta3-content\"><div class=\"tm-vc_cta3-content-header tm-wrap\"><div class=\"tm-vc_cta3-headers tm-wrap-cell\"><h2 class=\"tm-custom-heading \" >Renovaci\u00f3n de Obleas<\/h2>\n<\/div><\/div><\/div><div class=\"tm-cta3-desc-btn-wrapper\"><div class=\"tm-cta3-description\"><div class=\"tm-cta3-content-wrapper\"><p>La <strong>oblea<\/strong> identifica a cada veh\u00edculo.<br \/>\n&#8211; Es \u00fanica e intransferible.<br \/>\n&#8211; La misma se renueva anualmente.<br \/>\n&#8211; En la oficina de habilitaciones, el cliente podr\u00e1 renovar la oblea de su veh\u00edculo en el acto.<br \/>\n&#8211; Dicho tr\u00e1mite no requiere de turno previo.<\/p><\/div><\/div><\/div><\/div><\/div><\/section><\/div>[\/vc_column_inner][vc_column_inner tm_shadow=\u00bbyes\u00bb width=\u00bb1\/3&#8243;][vc_single_image image=\u00bb102&#8243; img_size=\u00bbfull\u00bb alignment=\u00bbcenter\u00bb css=\u00bb.vc_custom_1580932655685{margin-bottom: 0px !important;}\u00bb]<div class=\"tm-sbox tm-sbox-iconalign-top-left none tm-sbox-bgcolor-transparent tm-bgcolor-transparent tm-sbox-textcolor- tm-textcolor- tm-sbox-isize-sm tm-sbox-isize-sm tm-sbox-istyle-boxed vc_custom_1580872867824 tm-sbox-heading-only top-overlay-icon-box\"><section class=\"tm-vc_cta3-container\"><div class=\"tm-vc_general tm-vc_cta3 tm-vc_cta3-align-left tm-vc_cta3-icon-size-sm tm-vc_cta3-icons-top tm-vc_cta3-actions-no\"><div class=\"tm-vc_cta3-icons tm-wrap-cell\"><div class=\"tm-vc_icon_element tm-vc_icon_element-outer tm-vc_icon_element-align-left  tm-vc_icon_element-have-style\"><div class=\"tm-vc_icon_element-inner  tm-vc_icon_element-have-style-inner tm-vc_icon_element-color-white tm-vc_icon_element-size-sm tm-vc_icon_element-style-boxed tm-vc_icon_element-background tm-vc_icon_element-background-color-skincolor\" ><span class=\"tm-vc_icon_element-icon kw_tectxon flaticon-conveyor\" ><\/span><\/div><\/div><\/div><div class=\"tm-vc_cta3_content-container\"><div class=\"tm-vc_cta3-content\"><div class=\"tm-vc_cta3-content-header tm-wrap\"><div class=\"tm-vc_cta3-headers tm-wrap-cell\"><h2 class=\"tm-custom-heading \" >Prueba Hidr\u00e1ulica<\/h2>\n<\/div><\/div><\/div><div class=\"tm-cta3-desc-btn-wrapper\"><div class=\"tm-cta3-description\"><div class=\"tm-cta3-content-wrapper\"><p>La <strong>prueba hidr\u00e1ulica<\/strong> es una inspecci\u00f3n que se le hace al cilindro y a la v\u00e1lvula del mismo cada 5 a\u00f1os, donde un centro de reprueba chequea que el mismo sigue siendo apto para su uso.<\/p><\/div><\/div><\/div><\/div><\/div><\/section><\/div>[\/vc_column_inner][\/vc_row_inner][\/vc_column][\/vc_row][vc_row tm_bgcolor=\u00bbwhite\u00bb tm_bgimagefixed=\u00bb\u00bb full_width=\u00bbstretch_row\u00bb equal_height=\u00bbyes\u00bb css=\u00bb.vc_custom_1580916758679{padding-top: 35px !important;padding-bottom: 83px !important;}\u00bb][vc_column tm_shadow=\u00bbyes\u00bb width=\u00bb1\/3&#8243;][vc_single_image image=\u00bb103&#8243; img_size=\u00bbfull\u00bb alignment=\u00bbcenter\u00bb css=\u00bb.vc_custom_1580932660887{margin-bottom: 0px !important;}\u00bb]<div class=\"tm-sbox tm-sbox-iconalign-top-left none tm-sbox-bgcolor-transparent tm-bgcolor-transparent tm-sbox-textcolor- tm-textcolor- tm-sbox-isize-sm tm-sbox-isize-sm tm-sbox-istyle-boxed vc_custom_1580913736696 tm-sbox-heading-only top-overlay-icon-box\"><section class=\"tm-vc_cta3-container\"><div class=\"tm-vc_general tm-vc_cta3 tm-vc_cta3-align-left tm-vc_cta3-icon-size-sm tm-vc_cta3-icons-top tm-vc_cta3-actions-no\"><div class=\"tm-vc_cta3-icons tm-wrap-cell\"><div class=\"tm-vc_icon_element tm-vc_icon_element-outer tm-vc_icon_element-align-left  tm-vc_icon_element-have-style\"><div class=\"tm-vc_icon_element-inner  tm-vc_icon_element-have-style-inner tm-vc_icon_element-color-white tm-vc_icon_element-size-sm tm-vc_icon_element-style-boxed tm-vc_icon_element-background tm-vc_icon_element-background-color-skincolor\" ><span class=\"tm-vc_icon_element-icon kw_tectxon flaticon-conveyor\" ><\/span><\/div><\/div><\/div><div class=\"tm-vc_cta3_content-container\"><div class=\"tm-vc_cta3-content\"><div class=\"tm-vc_cta3-content-header tm-wrap\"><div class=\"tm-vc_cta3-headers tm-wrap-cell\"><h2 class=\"tm-custom-heading \" >Venta de Equipos de GNC<\/h2>\n<\/div><\/div><\/div><div class=\"tm-cta3-desc-btn-wrapper\"><div class=\"tm-cta3-description\"><div class=\"tm-cta3-content-wrapper\"><p>Venta de Equipos de 5ta. Generaci\u00f3n, 4ta. Generaci\u00f3n y Equipos de 3era. Generaci\u00f3n.<\/p><\/div><\/div><\/div><\/div><\/div><\/section><\/div>[\/vc_column][vc_column tm_shadow=\u00bbyes\u00bb width=\u00bb1\/3&#8243;][vc_single_image image=\u00bb104&#8243; img_size=\u00bbfull\u00bb alignment=\u00bbcenter\u00bb css=\u00bb.vc_custom_1580932666330{margin-bottom: 0px !important;}\u00bb]<div class=\"tm-sbox tm-sbox-iconalign-top-left none tm-sbox-bgcolor-transparent tm-bgcolor-transparent tm-sbox-textcolor- tm-textcolor- tm-sbox-isize-sm tm-sbox-isize-sm tm-sbox-istyle-boxed vc_custom_1580913781859 tm-sbox-heading-only top-overlay-icon-box\"><section class=\"tm-vc_cta3-container\"><div class=\"tm-vc_general tm-vc_cta3 tm-vc_cta3-align-left tm-vc_cta3-icon-size-sm tm-vc_cta3-icons-top tm-vc_cta3-actions-no\"><div class=\"tm-vc_cta3-icons tm-wrap-cell\"><div class=\"tm-vc_icon_element tm-vc_icon_element-outer tm-vc_icon_element-align-left  tm-vc_icon_element-have-style\"><div class=\"tm-vc_icon_element-inner  tm-vc_icon_element-have-style-inner tm-vc_icon_element-color-white tm-vc_icon_element-size-sm tm-vc_icon_element-style-boxed tm-vc_icon_element-background tm-vc_icon_element-background-color-skincolor\" ><span class=\"tm-vc_icon_element-icon kw_tectxon flaticon-conveyor\" ><\/span><\/div><\/div><\/div><div class=\"tm-vc_cta3_content-container\"><div class=\"tm-vc_cta3-content\"><div class=\"tm-vc_cta3-content-header tm-wrap\"><div class=\"tm-vc_cta3-headers tm-wrap-cell\"><h2 class=\"tm-custom-heading \" >Venta de Repuestos de GNC<\/h2>\n<\/div><\/div><\/div><div class=\"tm-cta3-desc-btn-wrapper\"><div class=\"tm-cta3-description\"><div class=\"tm-cta3-content-wrapper\"><p>Venta mayorista y minorista de repuestos para equipos de GNC en Rosario y zona.<\/p><\/div><\/div><\/div><\/div><\/div><\/section><\/div>[\/vc_column][vc_column tm_shadow=\u00bbyes\u00bb width=\u00bb1\/3&#8243;][vc_single_image image=\u00bb105&#8243; img_size=\u00bbfull\u00bb alignment=\u00bbcenter\u00bb css=\u00bb.vc_custom_1580932679655{margin-bottom: 0px !important;}\u00bb]<div class=\"tm-sbox tm-sbox-iconalign-top-left none tm-sbox-bgcolor-transparent tm-bgcolor-transparent tm-sbox-textcolor- tm-textcolor- tm-sbox-isize-sm tm-sbox-isize-sm tm-sbox-istyle-boxed vc_custom_1580913824936 tm-sbox-heading-only top-overlay-icon-box\"><section class=\"tm-vc_cta3-container\"><div class=\"tm-vc_general tm-vc_cta3 tm-vc_cta3-align-left tm-vc_cta3-icon-size-sm tm-vc_cta3-icons-top tm-vc_cta3-actions-no\"><div class=\"tm-vc_cta3-icons tm-wrap-cell\"><div class=\"tm-vc_icon_element tm-vc_icon_element-outer tm-vc_icon_element-align-left  tm-vc_icon_element-have-style\"><div class=\"tm-vc_icon_element-inner  tm-vc_icon_element-have-style-inner tm-vc_icon_element-color-white tm-vc_icon_element-size-sm tm-vc_icon_element-style-boxed tm-vc_icon_element-background tm-vc_icon_element-background-color-skincolor\" ><span class=\"tm-vc_icon_element-icon kw_tectxon flaticon-conveyor\" ><\/span><\/div><\/div><\/div><div class=\"tm-vc_cta3_content-container\"><div class=\"tm-vc_cta3-content\"><div class=\"tm-vc_cta3-content-header tm-wrap\"><div class=\"tm-vc_cta3-headers tm-wrap-cell\"><h2 class=\"tm-custom-heading \" >Chequeos y Diagn\u00f3sticos<\/h2>\n<\/div><\/div><\/div><div class=\"tm-cta3-desc-btn-wrapper\"><div class=\"tm-cta3-description\"><div class=\"tm-cta3-content-wrapper\"><p>Chequeos y diagn\u00f3stico. Calibraci\u00f3n y puesta a punto de motores a GNC computarizados.<\/p><\/div><\/div><\/div><\/div><\/div><\/section><\/div>[\/vc_column][\/vc_row][vc_row tm_bgcolor=\u00bbwhite\u00bb tm_bgimagefixed=\u00bb\u00bb full_width=\u00bbstretch_row\u00bb css=\u00bb.vc_custom_1580867937282{margin-top: 0px !important;padding-top: 0px !important;}\u00bb][vc_column]<div class=\"themetechmount-boxes themetechmount-boxes-client themetechmount-boxes-view-carousel themetechmount-boxes-col-five themetechmount-boxes-sortable- themetechmount-boxes-textalign-center themetechmount-boxes-sortablebutton- tm-boxes-carousel-arrow- tm-boxes-carousel-arrows-side\" data-tm-speed=\"1500\" data-tm-autoplay=\"1\" data-tm-autoplayspeed=\"4500\" data-tm-loop=\"1\" data-tm-dots=\"0\" data-tm-nav=\"1\" data-tm-centermode=\"0\" data-tm-pauseonfocus=\"1\" data-tm-pauseonhover=\"1\" data-tm-slidestoscroll=\"column\" data-tm-effecttype=\"slide\">\n\t\t<div class=\"themetechmount-boxes-inner themetechmount-boxes-client-inner \"><div class=\"themetechmount-box-heading-wrapper tm-element-align-center\"><div class=\"tm-element-heading-wrapper tm-heading-inner tm-element-align-center tm-seperator-solid tm-heading-style-vertical \"><section class=\"tm-vc_cta3-container\"><div class=\"tm-vc_general tm-vc_cta3 tm-cta3-only tm-vc_cta3-style-classic tm-vc_cta3-shape-rounded tm-vc_cta3-align-center tm-vc_cta3-color-transparent tm-vc_cta3-icon-size-md tm-vc_cta3-actions-no tm-cta3-without-desc\"><div class=\"tm-vc_cta3_content-container\"><div class=\"tm-vc_cta3-content\"><header class=\"tm-vc_cta3-content-header tm-wrap\"><div class=\"tm-vc_cta3-headers tm-wrap-cell\"><h2 class=\"tm-custom-heading \" >Trabajamos todas las marcas<br \/>\ny modelos de veh\u00edculos<\/h2>\n<\/div><div class=\"heading-seperator\"><span><\/span><\/div><\/header><\/div><\/div><\/div><\/section><\/div> <!-- .tm-element-heading-wrapper container --> <\/div> <!-- .tm-element-heading-wrapper container --> \n\t\t\t\n\t\t\t<div class=\"row multi-columns-row themetechmount-boxes-row-wrapper\">\n\t\t\t\t<div class=\"tm-box-col-wrapper col-lg-20percent col-sm-4 col-md-4 col-xs-12 \"><div class=\"tm-client-logo-box-w\"><span class=\"themetechmount-box themetechmount-box-client themetechmount-box-view-simple-logo themetechmount-client-box-view-simple-logo\">\n\t\n\t\t<span class=\"themetechmount-item-thumbnail\">\n\t\t\t<span class=\"themetechmount-item-thumbnail-inner\">\n\t\t\t\t<img loading=\"lazy\" decoding=\"async\" width=\"150\" height=\"75\" src=\"http:\/\/rosariognc.com\/web\/wp-content\/uploads\/2020\/02\/jeep-3-oki836bxfkc05eutibkw9ypver8u2gmr3060xvugz2.png\" class=\"attachment-full size-full wp-post-image\" alt=\"\" \/>\n\t\t\t<\/span>\n\t\t<\/span><\/span>\n<\/div><!-- .tm-client-logo-box-w --> <\/div><div class=\"tm-box-col-wrapper col-lg-20percent col-sm-4 col-md-4 col-xs-12 \"><div class=\"tm-client-logo-box-w\"><span class=\"themetechmount-box themetechmount-box-client themetechmount-box-view-simple-logo themetechmount-client-box-view-simple-logo\">\n\t\n\t\t<span class=\"themetechmount-item-thumbnail\">\n\t\t\t<span class=\"themetechmount-item-thumbnail-inner\">\n\t\t\t\t<img loading=\"lazy\" decoding=\"async\" width=\"150\" height=\"75\" src=\"http:\/\/rosariognc.com\/web\/wp-content\/uploads\/2020\/02\/chery-oki83dumy8maqajwaetwtwtk5u7rs1gls1dws3jbla.png\" class=\"attachment-full size-full wp-post-image\" alt=\"\" \/>\n\t\t\t<\/span>\n\t\t<\/span><\/span>\n<\/div><!-- .tm-client-logo-box-w --> <\/div><div class=\"tm-box-col-wrapper col-lg-20percent col-sm-4 col-md-4 col-xs-12 \"><div class=\"tm-client-logo-box-w\"><span class=\"themetechmount-box themetechmount-box-client themetechmount-box-view-simple-logo themetechmount-client-box-view-simple-logo\">\n\t\n\t\t<span class=\"themetechmount-item-thumbnail\">\n\t\t\t<span class=\"themetechmount-item-thumbnail-inner\">\n\t\t\t\t<img loading=\"lazy\" decoding=\"async\" width=\"150\" height=\"75\" src=\"http:\/\/rosariognc.com\/web\/wp-content\/uploads\/2020\/02\/chevrolet-oki83esh52nl1wij4x8jeel0r834zqkc461e9dhxf2.png\" class=\"attachment-full size-full wp-post-image\" alt=\"\" \/>\n\t\t\t<\/span>\n\t\t<\/span><\/span>\n<\/div><!-- .tm-client-logo-box-w --> <\/div><div class=\"tm-box-col-wrapper col-lg-20percent col-sm-4 col-md-4 col-xs-12 \"><div class=\"tm-client-logo-box-w\"><span class=\"themetechmount-box themetechmount-box-client themetechmount-box-view-simple-logo themetechmount-client-box-view-simple-logo\">\n\t\n\t\t<span class=\"themetechmount-item-thumbnail\">\n\t\t\t<span class=\"themetechmount-item-thumbnail-inner\">\n\t\t\t\t<img loading=\"lazy\" decoding=\"async\" width=\"150\" height=\"75\" src=\"http:\/\/rosariognc.com\/web\/wp-content\/uploads\/2020\/02\/peugeot-oki83a3a6wh5fupcwd7ejxrpsaqax91ofiryuzowa6.png\" class=\"attachment-full size-full wp-post-image\" alt=\"\" \/>\n\t\t\t<\/span>\n\t\t<\/span><\/span>\n<\/div><!-- .tm-client-logo-box-w --> <\/div><div class=\"tm-box-col-wrapper col-lg-20percent col-sm-4 col-md-4 col-xs-12 \"><div class=\"tm-client-logo-box-w\"><span class=\"themetechmount-box themetechmount-box-client themetechmount-box-view-simple-logo themetechmount-client-box-view-simple-logo\">\n\t\n\t\t<span class=\"themetechmount-item-thumbnail\">\n\t\t\t<span class=\"themetechmount-item-thumbnail-inner\">\n\t\t\t\t<img loading=\"lazy\" decoding=\"async\" width=\"150\" height=\"75\" src=\"http:\/\/rosariognc.com\/web\/wp-content\/uploads\/2020\/02\/nissan-oki83byykkjq32mmle0noxamz2h1cn953s2xtjm3xq.png\" class=\"attachment-full size-full wp-post-image\" alt=\"\" \/>\n\t\t\t<\/span>\n\t\t<\/span><\/span>\n<\/div><!-- .tm-client-logo-box-w --> <\/div><div class=\"tm-box-col-wrapper col-lg-20percent col-sm-4 col-md-4 col-xs-12 \"><div class=\"tm-client-logo-box-w\"><span class=\"themetechmount-box themetechmount-box-client themetechmount-box-view-simple-logo themetechmount-client-box-view-simple-logo\">\n\t\n\t\t<span class=\"themetechmount-item-thumbnail\">\n\t\t\t<span class=\"themetechmount-item-thumbnail-inner\">\n\t\t\t\t<img loading=\"lazy\" decoding=\"async\" width=\"150\" height=\"75\" src=\"http:\/\/rosariognc.com\/web\/wp-content\/uploads\/2020\/02\/reanult-oki8395g02fv48qq1usrzg096wuxpjxy3e4hdpqage.png\" class=\"attachment-full size-full wp-post-image\" alt=\"\" \/>\n\t\t\t<\/span>\n\t\t<\/span><\/span>\n<\/div><!-- .tm-client-logo-box-w --> <\/div><div class=\"tm-box-col-wrapper col-lg-20percent col-sm-4 col-md-4 col-xs-12 \"><div class=\"tm-client-logo-box-w\"><span class=\"themetechmount-box themetechmount-box-client themetechmount-box-view-simple-logo themetechmount-client-box-view-simple-logo\">\n\t\n\t\t<span class=\"themetechmount-item-thumbnail\">\n\t\t\t<span class=\"themetechmount-item-thumbnail-inner\">\n\t\t\t\t<img loading=\"lazy\" decoding=\"async\" width=\"150\" height=\"75\" src=\"http:\/\/rosariognc.com\/web\/wp-content\/uploads\/2020\/02\/lifan-oki8379rmedah0tgctziughc0547a5qhf4tif5t2su.png\" class=\"attachment-full size-full wp-post-image\" alt=\"\" \/>\n\t\t\t<\/span>\n\t\t<\/span><\/span>\n<\/div><!-- .tm-client-logo-box-w --> <\/div><div class=\"tm-box-col-wrapper col-lg-20percent col-sm-4 col-md-4 col-xs-12 \"><div class=\"tm-client-logo-box-w\"><span class=\"themetechmount-box themetechmount-box-client themetechmount-box-view-simple-logo themetechmount-client-box-view-simple-logo\">\n\t\n\t\t<span class=\"themetechmount-item-thumbnail\">\n\t\t\t<span class=\"themetechmount-item-thumbnail-inner\">\n\t\t\t\t<img loading=\"lazy\" decoding=\"async\" width=\"150\" height=\"75\" src=\"http:\/\/rosariognc.com\/web\/wp-content\/uploads\/2020\/02\/ford-oki83go5iqq5p4fsty1sje3xxztvf4rssfcd7xf52m.png\" class=\"attachment-full size-full wp-post-image\" alt=\"\" \/>\n\t\t\t<\/span>\n\t\t<\/span><\/span>\n<\/div><!-- .tm-client-logo-box-w --> <\/div>\n\t\t\t<\/div>\n\t\t<\/div><!-- .themetechmount-boxes-inner -->   <\/div><!-- .themetechmount-boxes -->  [\/vc_column][\/vc_row]<\/p>\n","protected":false},"excerpt":{"rendered":"<p>[vc_row tm_bgimagefixed=\u00bb\u00bb break_in_responsive=\u00bb991&#8243; full_width=\u00bbstretch_row\u00bb equal_height=\u00bbyes\u00bb css=\u00bb.vc_custom_1580915808782{padding-top: 55px !important;padding-bottom: 86px !important;background-image: url(http:\/\/rosariognc.com\/web\/wp-content\/uploads\/2020\/02\/bg-tubos-productos-2.jpg?id=98) !important;background-position: center !important;background-repeat: no-repeat !important;background-size: cover !important;}\u00bb][vc_column reduce_extra_padding=\u00bb991&#8243; css=\u00bb.vc_custom_1533554363178{padding-top: 38px !important;}\u00bb el_class=\u00bbtm-heading-sub-heading\u00bb][\/vc_column][\/vc_row][vc_row tm_bgimagefixed=\u00bb\u00bb full_width=\u00bbstretch_row\u00bb css=\u00bb.vc_custom_1536844498471{padding-top: 93px !important;padding-bottom: 95px !important;}\u00bb][vc_column][vc_row_inner css=\u00bb.vc_custom_1536726422538{margin-right: 0px !important;margin-left: 0px !important;}\u00bb][vc_column_inner width=\u00bb9\/12&#8243; css=\u00bb.vc_custom_1537007882577{padding-right: 25px !important;padding-left: 0px !important;}\u00bb tm_responsive_css=\u00bb69585834|colbreak_no|||||||||colbreak_no|||||||||colbreak_no||||||0px||||colbreak_no|||||||||\u00bb][vc_column_text css=\u00bb.vc_custom_1580872194006{margin-top: -25px !important;}\u00bb]Tenemos los mejores equipos para convertir su auto a GNC, renovarle &hellip; <a href=\"http:\/\/rosariognc.com\/web\/client\/ford\/\" class=\"more-link\">Continue reading <span class=\"screen-reader-text\">Ford<\/span><\/a><\/p>\n","protected":false},"author":2,"featured_media":0,"parent":0,"menu_order":0,"comment_status":"closed","ping_status":"closed","template":"","meta":{"footnotes":""},"class_list":["post-61","page","type-page","status-publish","hentry"],"_links":{"self":[{"href":"http:\/\/rosariognc.com\/web\/wp-json\/wp\/v2\/pages\/61","targetHints":{"allow":["GET"]}}],"collection":[{"href":"http:\/\/rosariognc.com\/web\/wp-json\/wp\/v2\/pages"}],"about":[{"href":"http:\/\/rosariognc.com\/web\/wp-json\/wp\/v2\/types\/page"}],"author":[{"embeddable":true,"href":"http:\/\/rosariognc.com\/web\/wp-json\/wp\/v2\/users\/2"}],"replies":[{"embeddable":true,"href":"http:\/\/rosariognc.com\/web\/wp-json\/wp\/v2\/comments?post=61"}],"version-history":[{"count":26,"href":"http:\/\/rosariognc.com\/web\/wp-json\/wp\/v2\/pages\/61\/revisions"}],"predecessor-version":[{"id":109,"href":"http:\/\/rosariognc.com\/web\/wp-json\/wp\/v2\/pages\/61\/revisions\/109"}],"wp:attachment":[{"href":"http:\/\/rosariognc.com\/web\/wp-json\/wp\/v2\/media?parent=61"}],"curies":[{"name":"wp","href":"https:\/\/api.w.org\/{rel}","templated":true}]}}