{"id":63,"date":"2020-02-04T23:46:29","date_gmt":"2020-02-05T02:46:29","guid":{"rendered":"http:\/\/rosariognc.com\/web\/?page_id=63"},"modified":"2020-02-05T23:32:37","modified_gmt":"2020-02-06T02:32:37","slug":"novedades-noticias","status":"publish","type":"page","link":"http:\/\/rosariognc.com\/web\/novedades-noticias\/","title":{"rendered":"Novedades y Noticias"},"content":{"rendered":"<p>[vc_row css=\u00bb.vc_custom_1515575528207{padding-bottom: 20px !important;}\u00bb][vc_column]<div class=\"themetechmount-boxes themetechmount-boxes-blog themetechmount-boxes-view-default themetechmount-boxes-col-three themetechmount-boxes-sortable-no themetechmount-boxes-textalign-center themetechmount-boxes-sortablebutton-\">\n\t\t<div class=\"themetechmount-boxes-inner themetechmount-boxes-blog-inner \">\n\t\t\t\n\t\t\t<div class=\"row multi-columns-row themetechmount-boxes-row-wrapper\">\n\t\t\t\t<div class=\"tm-box-col-wrapper col-lg-4 col-sm-6 col-md-4 col-xs-12 novedades\"><article class=\"themetechmount-box themetechmount-box-blog themetechmount-box-topimage themetechmount-blogbox-format- \">\n\t<div class=\"post-item\">\n\t\t<div class=\"themetechmount-box-content\">\t\t\n\t\t\t\t<div class=\"tm_classic_post_icon\"><div class=\"tm-post-format-icon-wrapper\"><i class=\"tm-tectxon-icon-pencil\"><\/i><\/div><\/div>                <div class=\"tm-featured-outer-wrapper tm-post-featured-outer-wrapper\">\n                    <div class=\"themetechmount-post-date-wrapper\"><div class=\"themetechmount-entry-date-wrapper\"><span class=\"themetechmount-entry-date\"><time class=\"entry-date\" datetime=\"2020-02-05T23:50:19-03:00\">5<span class=\"entry-month entry-year\">Feb<span class=\"entry-year\">2020<\/span><\/span><\/time><\/span><\/div><\/div>                    <div class=\"tm-featured-wrapper tm-post-featured-wrapper tm-post-format-\"><a href=\"http:\/\/rosariognc.com\/web\/que-equipo-debo-instalar-en-mi-vehiculo\/\"><img loading=\"lazy\" decoding=\"async\" width=\"706\" height=\"494\" src=\"http:\/\/rosariognc.com\/web\/wp-content\/uploads\/2020\/02\/img-novedad-04-706x494.jpg\" class=\"attachment-themetechmount-img-blog-top size-themetechmount-img-blog-top wp-post-image\" alt=\"\" data-id=\"151\" \/><\/a><\/div>                <\/div>\t\t\n                    <div class=\"themetechmount-box-desc\">\n\t\t\t\t\t\t<div class=\"themetechmount-box-title\"><h4><a href=\"http:\/\/rosariognc.com\/web\/que-equipo-debo-instalar-en-mi-vehiculo\/\">\u00bfQu\u00e9 equipo debo instalar en mi veh\u00edculo?<\/a><\/h4><\/div>\t\t\t\t\t\t<div class=\"tm-post-footer-meta\">\n\t\t\t\t\t\t<div class=\"tm-entry-meta-wrapper\"><div class=\"entry-meta tm-entry-meta tm-entry-meta-blogbox\"><span class=\"tm-meta-line byline\"><i class=\"fa fa-user\"><\/i> <span class=\"author vcard\"><span class=\"screen-reader-text tm-hide\">Author <\/span>Rosario GNC<\/span><\/span><span class=\"tm-meta-line posted-on\"><i class=\"fa fa-calendar\"><\/i> <span class=\"screen-reader-text tm-hide\">Posted on <\/span><a href=\"http:\/\/rosariognc.com\/web\/que-equipo-debo-instalar-en-mi-vehiculo\/\" rel=\"bookmark\"><time class=\"entry-date published\" datetime=\"2020-02-05T23:50:19-03:00\">5 febrero, 2020<\/time><time class=\"updated tm-hide\" datetime=\"2020-02-05T23:50:51-03:00\">5 febrero, 2020<\/time><\/a><\/span><\/div><\/div>\t\t\t\t\t\t<\/div>\n                        <div class=\"themetechmount-box-desc-text\">Esto esta determinado por el a\u00f1o y la inyecci\u00f3n de su veh\u00edculo para autos hasta el 2009 se puede colocar eq...<\/div>\n                       <div class=\"themetechmount-box-desc-footer\">\n\t\t\t\t\t\t<div class=\"themetechmount-blogbox-desc-footer\">\n\t\t\t\t\t\t\t\t\t\t\t\t\t<\/div>\n\t\t\t\t\t<\/div>\t\t\n                    <\/div>\n        <\/div>\n\t<\/div>\n<\/article>\n<\/div><div class=\"tm-box-col-wrapper col-lg-4 col-sm-6 col-md-4 col-xs-12 novedades\"><article class=\"themetechmount-box themetechmount-box-blog themetechmount-box-topimage themetechmount-blogbox-format- \">\n\t<div class=\"post-item\">\n\t\t<div class=\"themetechmount-box-content\">\t\t\n\t\t\t\t<div class=\"tm_classic_post_icon\"><div class=\"tm-post-format-icon-wrapper\"><i class=\"tm-tectxon-icon-pencil\"><\/i><\/div><\/div>                <div class=\"tm-featured-outer-wrapper tm-post-featured-outer-wrapper\">\n                    <div class=\"themetechmount-post-date-wrapper\"><div class=\"themetechmount-entry-date-wrapper\"><span class=\"themetechmount-entry-date\"><time class=\"entry-date\" datetime=\"2020-02-05T23:46:30-03:00\">5<span class=\"entry-month entry-year\">Feb<span class=\"entry-year\">2020<\/span><\/span><\/time><\/span><\/div><\/div>                    <div class=\"tm-featured-wrapper tm-post-featured-wrapper tm-post-format-\"><a href=\"http:\/\/rosariognc.com\/web\/se-pueden-instalar-los-cilindros-bajo-chasis\/\"><img loading=\"lazy\" decoding=\"async\" width=\"706\" height=\"494\" src=\"http:\/\/rosariognc.com\/web\/wp-content\/uploads\/2020\/02\/img-novedad-03-706x494.jpg\" class=\"attachment-themetechmount-img-blog-top size-themetechmount-img-blog-top wp-post-image\" alt=\"\" data-id=\"149\" \/><\/a><\/div>                <\/div>\t\t\n                    <div class=\"themetechmount-box-desc\">\n\t\t\t\t\t\t<div class=\"themetechmount-box-title\"><h4><a href=\"http:\/\/rosariognc.com\/web\/se-pueden-instalar-los-cilindros-bajo-chasis\/\">\u00bfSe pueden instalar los cilindros bajo chasis?<\/a><\/h4><\/div>\t\t\t\t\t\t<div class=\"tm-post-footer-meta\">\n\t\t\t\t\t\t<div class=\"tm-entry-meta-wrapper\"><div class=\"entry-meta tm-entry-meta tm-entry-meta-blogbox\"><span class=\"tm-meta-line byline\"><i class=\"fa fa-user\"><\/i> <span class=\"author vcard\"><span class=\"screen-reader-text tm-hide\">Author <\/span>Rosario GNC<\/span><\/span><span class=\"tm-meta-line posted-on\"><i class=\"fa fa-calendar\"><\/i> <span class=\"screen-reader-text tm-hide\">Posted on <\/span><a href=\"http:\/\/rosariognc.com\/web\/se-pueden-instalar-los-cilindros-bajo-chasis\/\" rel=\"bookmark\"><time class=\"entry-date published updated\" datetime=\"2020-02-05T23:46:30-03:00\">5 febrero, 2020<\/time><\/a><\/span><\/div><\/div>\t\t\t\t\t\t<\/div>\n                        <div class=\"themetechmount-box-desc-text\">Solamente se puede instalar los cilindros bajo chasis cuando queden a una altura de 25 cm del piso, normalment...<\/div>\n                       <div class=\"themetechmount-box-desc-footer\">\n\t\t\t\t\t\t<div class=\"themetechmount-blogbox-desc-footer\">\n\t\t\t\t\t\t\t\t\t\t\t\t\t<\/div>\n\t\t\t\t\t<\/div>\t\t\n                    <\/div>\n        <\/div>\n\t<\/div>\n<\/article>\n<\/div><div class=\"tm-box-col-wrapper col-lg-4 col-sm-6 col-md-4 col-xs-12 novedades\"><article class=\"themetechmount-box themetechmount-box-blog themetechmount-box-topimage themetechmount-blogbox-format- \">\n\t<div class=\"post-item\">\n\t\t<div class=\"themetechmount-box-content\">\t\t\n\t\t\t\t<div class=\"tm_classic_post_icon\"><div class=\"tm-post-format-icon-wrapper\"><i class=\"tm-tectxon-icon-pencil\"><\/i><\/div><\/div>                <div class=\"tm-featured-outer-wrapper tm-post-featured-outer-wrapper\">\n                    <div class=\"themetechmount-post-date-wrapper\"><div class=\"themetechmount-entry-date-wrapper\"><span class=\"themetechmount-entry-date\"><time class=\"entry-date\" datetime=\"2020-02-05T23:44:14-03:00\">5<span class=\"entry-month entry-year\">Feb<span class=\"entry-year\">2020<\/span><\/span><\/time><\/span><\/div><\/div>                    <div class=\"tm-featured-wrapper tm-post-featured-wrapper tm-post-format-\"><a href=\"http:\/\/rosariognc.com\/web\/cuales-son-las-diferencias-entre-un-equipo-de-3ra-4ta-y-5ta-generacion\/\"><img loading=\"lazy\" decoding=\"async\" width=\"706\" height=\"494\" src=\"http:\/\/rosariognc.com\/web\/wp-content\/uploads\/2020\/02\/img-novedad-02-706x494.jpg\" class=\"attachment-themetechmount-img-blog-top size-themetechmount-img-blog-top wp-post-image\" alt=\"\" data-id=\"147\" \/><\/a><\/div>                <\/div>\t\t\n                    <div class=\"themetechmount-box-desc\">\n\t\t\t\t\t\t<div class=\"themetechmount-box-title\"><h4><a href=\"http:\/\/rosariognc.com\/web\/cuales-son-las-diferencias-entre-un-equipo-de-3ra-4ta-y-5ta-generacion\/\">\u00bfCuales son las diferencias entre un equipo de 3ra, 4ta y 5ta Generaci\u00f3n?<\/a><\/h4><\/div>\t\t\t\t\t\t<div class=\"tm-post-footer-meta\">\n\t\t\t\t\t\t<div class=\"tm-entry-meta-wrapper\"><div class=\"entry-meta tm-entry-meta tm-entry-meta-blogbox\"><span class=\"tm-meta-line byline\"><i class=\"fa fa-user\"><\/i> <span class=\"author vcard\"><span class=\"screen-reader-text tm-hide\">Author <\/span>Rosario GNC<\/span><\/span><span class=\"tm-meta-line posted-on\"><i class=\"fa fa-calendar\"><\/i> <span class=\"screen-reader-text tm-hide\">Posted on <\/span><a href=\"http:\/\/rosariognc.com\/web\/cuales-son-las-diferencias-entre-un-equipo-de-3ra-4ta-y-5ta-generacion\/\" rel=\"bookmark\"><time class=\"entry-date published updated\" datetime=\"2020-02-05T23:44:14-03:00\">5 febrero, 2020<\/time><\/a><\/span><\/div><\/div>\t\t\t\t\t\t<\/div>\n                        <div class=\"themetechmount-box-desc-text\">Los equipos de GNC de 3ra y 4ta generaci\u00f3n trabajan de forma aspirada o sea que el gnc es aspirado por el mot...<\/div>\n                       <div class=\"themetechmount-box-desc-footer\">\n\t\t\t\t\t\t<div class=\"themetechmount-blogbox-desc-footer\">\n\t\t\t\t\t\t\t\t\t\t\t\t\t<\/div>\n\t\t\t\t\t<\/div>\t\t\n                    <\/div>\n        <\/div>\n\t<\/div>\n<\/article>\n<\/div><div class=\"tm-box-col-wrapper col-lg-4 col-sm-6 col-md-4 col-xs-12 novedades\"><article class=\"themetechmount-box themetechmount-box-blog themetechmount-box-topimage themetechmount-blogbox-format- \">\n\t<div class=\"post-item\">\n\t\t<div class=\"themetechmount-box-content\">\t\t\n\t\t\t\t<div class=\"tm_classic_post_icon\"><div class=\"tm-post-format-icon-wrapper\"><i class=\"tm-tectxon-icon-pencil\"><\/i><\/div><\/div>                <div class=\"tm-featured-outer-wrapper tm-post-featured-outer-wrapper\">\n                    <div class=\"themetechmount-post-date-wrapper\"><div class=\"themetechmount-entry-date-wrapper\"><span class=\"themetechmount-entry-date\"><time class=\"entry-date\" datetime=\"2020-02-05T23:29:51-03:00\">5<span class=\"entry-month entry-year\">Feb<span class=\"entry-year\">2020<\/span><\/span><\/time><\/span><\/div><\/div>                    <div class=\"tm-featured-wrapper tm-post-featured-wrapper tm-post-format-\"><a href=\"http:\/\/rosariognc.com\/web\/concejos-utiles-al-momento-de-cargar-gnc\/\"><img loading=\"lazy\" decoding=\"async\" width=\"706\" height=\"494\" src=\"http:\/\/rosariognc.com\/web\/wp-content\/uploads\/2020\/02\/img-novedad-01-706x494.jpg\" class=\"attachment-themetechmount-img-blog-top size-themetechmount-img-blog-top wp-post-image\" alt=\"\" data-id=\"140\" \/><\/a><\/div>                <\/div>\t\t\n                    <div class=\"themetechmount-box-desc\">\n\t\t\t\t\t\t<div class=\"themetechmount-box-title\"><h4><a href=\"http:\/\/rosariognc.com\/web\/concejos-utiles-al-momento-de-cargar-gnc\/\">Concejos \u00fatiles al momento de cargar GNC<\/a><\/h4><\/div>\t\t\t\t\t\t<div class=\"tm-post-footer-meta\">\n\t\t\t\t\t\t<div class=\"tm-entry-meta-wrapper\"><div class=\"entry-meta tm-entry-meta tm-entry-meta-blogbox\"><span class=\"tm-meta-line byline\"><i class=\"fa fa-user\"><\/i> <span class=\"author vcard\"><span class=\"screen-reader-text tm-hide\">Author <\/span>Rosario GNC<\/span><\/span><span class=\"tm-meta-line posted-on\"><i class=\"fa fa-calendar\"><\/i> <span class=\"screen-reader-text tm-hide\">Posted on <\/span><a href=\"http:\/\/rosariognc.com\/web\/concejos-utiles-al-momento-de-cargar-gnc\/\" rel=\"bookmark\"><time class=\"entry-date published updated\" datetime=\"2020-02-05T23:29:51-03:00\">5 febrero, 2020<\/time><\/a><\/span><\/div><\/div>\t\t\t\t\t\t<\/div>\n                        <div class=\"themetechmount-box-desc-text\">- Detenga el motor. - Apague las luces del veh\u00edculo. - Desciendan del veh\u00edculo todos los ocupantes. - No...<\/div>\n                       <div class=\"themetechmount-box-desc-footer\">\n\t\t\t\t\t\t<div class=\"themetechmount-blogbox-desc-footer\">\n\t\t\t\t\t\t\t\t\t\t\t\t\t<\/div>\n\t\t\t\t\t<\/div>\t\t\n                    <\/div>\n        <\/div>\n\t<\/div>\n<\/article>\n<\/div><div class=\"tm-box-col-wrapper col-lg-4 col-sm-6 col-md-4 col-xs-12 novedades\"><article class=\"themetechmount-box themetechmount-box-blog themetechmount-box-topimage themetechmount-blogbox-format- \">\n\t<div class=\"post-item\">\n\t\t<div class=\"themetechmount-box-content\">\t\t\n\t\t\t\t<div class=\"tm_classic_post_icon\"><div class=\"tm-post-format-icon-wrapper\"><i class=\"tm-tectxon-icon-pencil\"><\/i><\/div><\/div>                <div class=\"tm-featured-outer-wrapper tm-post-featured-outer-wrapper\">\n                    <div class=\"themetechmount-post-date-wrapper\"><div class=\"themetechmount-entry-date-wrapper\"><span class=\"themetechmount-entry-date\"><time class=\"entry-date\" datetime=\"2020-02-04T23:53:57-03:00\">4<span class=\"entry-month entry-year\">Feb<span class=\"entry-year\">2020<\/span><\/span><\/time><\/span><\/div><\/div>                    <div class=\"tm-featured-wrapper tm-post-featured-wrapper tm-post-format-\"><a href=\"http:\/\/rosariognc.com\/web\/que-documentacion-debo-tener-del-equipo-de-gnc\/\"><img loading=\"lazy\" decoding=\"async\" width=\"706\" height=\"494\" src=\"http:\/\/rosariognc.com\/web\/wp-content\/uploads\/2020\/02\/img-novedad-05-706x494.jpg\" class=\"attachment-themetechmount-img-blog-top size-themetechmount-img-blog-top wp-post-image\" alt=\"\" data-id=\"155\" \/><\/a><\/div>                <\/div>\t\t\n                    <div class=\"themetechmount-box-desc\">\n\t\t\t\t\t\t<div class=\"themetechmount-box-title\"><h4><a href=\"http:\/\/rosariognc.com\/web\/que-documentacion-debo-tener-del-equipo-de-gnc\/\">\u00bfQu\u00e9 documentaci\u00f3n debo tener del equipo de GNC?<\/a><\/h4><\/div>\t\t\t\t\t\t<div class=\"tm-post-footer-meta\">\n\t\t\t\t\t\t<div class=\"tm-entry-meta-wrapper\"><div class=\"entry-meta tm-entry-meta tm-entry-meta-blogbox\"><span class=\"tm-meta-line byline\"><i class=\"fa fa-user\"><\/i> <span class=\"author vcard\"><span class=\"screen-reader-text tm-hide\">Author <\/span>Rosario GNC<\/span><\/span><span class=\"tm-meta-line posted-on\"><i class=\"fa fa-calendar\"><\/i> <span class=\"screen-reader-text tm-hide\">Posted on <\/span><a href=\"http:\/\/rosariognc.com\/web\/que-documentacion-debo-tener-del-equipo-de-gnc\/\" rel=\"bookmark\"><time class=\"entry-date published\" datetime=\"2020-02-04T23:53:57-03:00\">4 febrero, 2020<\/time><time class=\"updated tm-hide\" datetime=\"2020-02-05T23:54:25-03:00\">5 febrero, 2020<\/time><\/a><\/span><\/div><\/div>\t\t\t\t\t\t<\/div>\n                        <div class=\"themetechmount-box-desc-text\">Para la colocaci\u00f3n del equipo es necesario presentar la c\u00e9dula de identificaci\u00f3n del veh\u00edculo y el dni del...<\/div>\n                       <div class=\"themetechmount-box-desc-footer\">\n\t\t\t\t\t\t<div class=\"themetechmount-blogbox-desc-footer\">\n\t\t\t\t\t\t\t\t\t\t\t\t\t<\/div>\n\t\t\t\t\t<\/div>\t\t\n                    <\/div>\n        <\/div>\n\t<\/div>\n<\/article>\n<\/div>\n\t\t\t<\/div>\n\t\t<div class=\"clearfix\"><\/div><\/div><!-- .themetechmount-boxes-inner -->   <\/div><!-- .themetechmount-boxes -->  [\/vc_column][\/vc_row]<\/p>\n","protected":false},"excerpt":{"rendered":"<p>[vc_row css=\u00bb.vc_custom_1515575528207{padding-bottom: 20px !important;}\u00bb][vc_column][\/vc_column][\/vc_row]<\/p>\n","protected":false},"author":2,"featured_media":0,"parent":0,"menu_order":0,"comment_status":"closed","ping_status":"closed","template":"","meta":{"footnotes":""},"class_list":["post-63","page","type-page","status-publish","hentry"],"_links":{"self":[{"href":"http:\/\/rosariognc.com\/web\/wp-json\/wp\/v2\/pages\/63","targetHints":{"allow":["GET"]}}],"collection":[{"href":"http:\/\/rosariognc.com\/web\/wp-json\/wp\/v2\/pages"}],"about":[{"href":"http:\/\/rosariognc.com\/web\/wp-json\/wp\/v2\/types\/page"}],"author":[{"embeddable":true,"href":"http:\/\/rosariognc.com\/web\/wp-json\/wp\/v2\/users\/2"}],"replies":[{"embeddable":true,"href":"http:\/\/rosariognc.com\/web\/wp-json\/wp\/v2\/comments?post=63"}],"version-history":[{"count":5,"href":"http:\/\/rosariognc.com\/web\/wp-json\/wp\/v2\/pages\/63\/revisions"}],"predecessor-version":[{"id":143,"href":"http:\/\/rosariognc.com\/web\/wp-json\/wp\/v2\/pages\/63\/revisions\/143"}],"wp:attachment":[{"href":"http:\/\/rosariognc.com\/web\/wp-json\/wp\/v2\/media?parent=63"}],"curies":[{"name":"wp","href":"https:\/\/api.w.org\/{rel}","templated":true}]}}