{"id":81,"date":"2020-02-05T00:30:30","date_gmt":"2020-02-05T03:30:30","guid":{"rendered":"http:\/\/rosariognc.com\/web\/?page_id=81"},"modified":"2020-02-05T23:19:32","modified_gmt":"2020-02-06T02:19:32","slug":"acerca-del-gnc","status":"publish","type":"page","link":"http:\/\/rosariognc.com\/web\/acerca-del-gnc\/","title":{"rendered":"Acerca del GNC"},"content":{"rendered":"<p>[vc_row tm_bgcolor=\u00bbgrey\u00bb tm_bgimagefixed=\u00bb\u00bb full_width=\u00bbstretch_row\u00bb css=\u00bb.vc_custom_1536922640343{padding-bottom: 100px !important;}\u00bb tm_responsive_css=\u00bb76751761|colbreak_no|||||||||colbreak_no|||||0px||0px||colbreak_no||||||||||colbreak_no|||||||||\u00bb][vc_column][\/vc_column][\/vc_row][vc_row tm_bgcolor=\u00bbwhite\u00bb tm_bgimagefixed=\u00bb\u00bb break_in_responsive=\u00bb991&#8243; tm_shadow=\u00bbyes\u00bb css=\u00bb.vc_custom_1580954550598{margin-top: -110px !important;margin-bottom: 94px !important;padding-top: 0px !important;padding-bottom: 10px !important;}\u00bb tm_responsive_css=\u00bb92183170|colbreak_no|||||||||colbreak_no|0px||65px||||||colbreak_no|||0px|||||||colbreak_no|||||||||\u00bb el_class=\u00bbsombra\u00bb][vc_column width=\u00bb7\/12&#8243; css=\u00bb.vc_custom_1537173403783{padding-top: 66px !important;padding-right: 35px !important;padding-bottom: 35px !important;padding-left: 35px !important;}\u00bb tm_responsive_css=\u00bb28822975|colbreak_no|||||||||colbreak_no||||||||15px|colbreak_no||||||||||colbreak_no|||||||||\u00bb]<div class=\"tm-element-heading-wrapper tm-heading-inner tm-element-align-left tm-seperator-solid tm-heading-style-vertical \"><section class=\"tm-vc_cta3-container\"><div class=\"tm-vc_general tm-vc_cta3 tm-cta3-only tm-vc_cta3-style-classic tm-vc_cta3-shape-rounded tm-vc_cta3-align-left tm-vc_cta3-color-transparent tm-vc_cta3-icon-size-md tm-vc_cta3-actions-no tm-cta3-with-desc\"><div class=\"tm-vc_cta3_content-container\"><div class=\"tm-vc_cta3-content\"><header class=\"tm-vc_cta3-content-header tm-wrap\"><div class=\"tm-vc_cta3-headers tm-wrap-cell\"><h4 class=\"tm-custom-heading \" >PAS\u00c1 TU VEH\u00cdCULO A GNC<\/h4>\n<h2 class=\"tm-custom-heading \" >Beneficios del GNC<\/h2>\n<\/div><div class=\"heading-seperator\"><span><\/span><\/div><\/header><div class=\"tm-cta3-content-wrapper\"><p>Utilizando GNC el ahorro con respecto a la nafta es de aproximadamente un 75%.<br \/>\nLos gases no son corrosivos y se multiplica la vida \u00fatil de los ca\u00f1os de escape y de los silenciadores, porque no ataca los metales.<br \/>\nMayor duraci\u00f3n del motor.<br \/>\nMayor duraci\u00f3n del aceite, debido a la menor carbonizaci\u00f3n.<br \/>\nEl gas no tiene plomo ni azufre, por lo que produce una combusti\u00f3n completa, lo que redunda en menor contaminaci\u00f3n.<br \/>\nEn el caso de p\u00e9rdida, caso improbable, se eleva f\u00e1cilmente porque es m\u00e1s liviano que el aire. No se derrama como los combustibles.<br \/>\nHay 20 provincias abastecidas y m\u00e1s de 200 localidades con GNC.<\/p><\/div><\/div><\/div><\/div><\/section><\/div> <!-- .tm-element-heading-wrapper container --> [\/vc_column][vc_column width=\u00bb5\/12&#8243; css=\u00bb.vc_custom_1537173714107{padding-top: 60px !important;padding-bottom: 60px !important;padding-left: 20px !important;}\u00bb tm_responsive_css=\u00bb26195292|colbreak_no|||||||||colbreak_no|||||25px||||colbreak_no||||||||||colbreak_no|||||||||\u00bb][vc_row_inner css=\u00bb.vc_custom_1536905549410{margin-right: -150px !important;}\u00bb tm_responsive_css=\u00bb63863606|colbreak_no|||||||||colbreak_no|||||||||colbreak_no|||||||||1460|colbreak_no||0px|||||||\u00bb][vc_column_inner][vc_single_image image=\u00bb125&#8243; img_size=\u00bb900&#215;600&#8243; css=\u00bb.vc_custom_1580954835051{margin-bottom: 0px !important;}\u00bb el_class=\u00bbttm-custom-rightmargin-0px-991 sombra\u00bb][\/vc_column_inner][\/vc_row_inner][\/vc_column][\/vc_row][vc_row tm_bgimagefixed=\u00bb\u00bb css=\u00bb.vc_custom_1580937392139{margin-top: 0px !important;margin-bottom: 0px !important;padding-top: 0px !important;padding-bottom: 0px !important;}\u00bb][vc_column width=\u00bb5\/12&#8243;][vc_single_image image=\u00bb116&#8243; img_size=\u00bbfull\u00bb alignment=\u00bbcenter\u00bb][\/vc_column][vc_column width=\u00bb7\/12&#8243;][vc_row_inner equal_height=\u00bbyes\u00bb][vc_column_inner width=\u00bb1\/2&#8243;][vc_column_text]<\/p>\n<h5>1. Cilindro de alta presi\u00f3n y v\u00e1lvula.<\/h5>\n<p>Utilizado para almacenar GNC.[\/vc_column_text][\/vc_column_inner][vc_column_inner width=\u00bb1\/2&#8243;][vc_column_text]<\/p>\n<h5>2. V\u00e1lvula de suministro<\/h5>\n<p>Compartimento de acceso al suministro de GNC[\/vc_column_text][\/vc_column_inner][\/vc_row_inner][vc_row_inner equal_height=\u00bbyes\u00bb][vc_column_inner width=\u00bb1\/2&#8243;][vc_column_text]<\/p>\n<h5>3. Reductor de presi\u00f3n<\/h5>\n<p>Reduce la presi\u00f3n de gas para alimentar el motor.[\/vc_column_text][\/vc_column_inner][vc_column_inner width=\u00bb1\/2&#8243;][vc_column_text]<\/p>\n<h5>4. Llave de combustible<\/h5>\n<p>Ubicado en el tablero del veh\u00edculo, permite al conductor elegir el combustible.[\/vc_column_text][\/vc_column_inner][\/vc_row_inner][vc_row_inner equal_height=\u00bbyes\u00bb][vc_column_inner width=\u00bb1\/2&#8243;][vc_column_text]<\/p>\n<h5>5. Inyectores<\/h5>\n<p>Son responsables de inyectar el gas en el motor. Adem\u00e1s de los inyectores, hay sensores de temperatura y presi\u00f3n.[\/vc_column_text][\/vc_column_inner][vc_column_inner width=\u00bb1\/2&#8243;][vc_column_text]<\/p>\n<h5>6. Central electr\u00f3nica<\/h5>\n<p>Hardware para un control preciso de la cantidad de combustible a inyectar, adem\u00e1s de proporcionar diagn\u00f3sticos del sistema de gas[\/vc_column_text][\/vc_column_inner][\/vc_row_inner][\/vc_column][\/vc_row][vc_row tm_bgcolor=\u00bbwhite\u00bb tm_bgimagefixed=\u00bb\u00bb break_in_responsive=\u00bb991&#8243; full_width=\u00bbstretch_row\u00bb equal_height=\u00bbyes\u00bb css=\u00bb.vc_custom_1580955377368{margin-top: 114px !important;padding-top: 0px !important;padding-bottom: 0px !important;}\u00bb tm_responsive_css=\u00bb31766833|colbreak_no|||||||||colbreak_no|0px||||||||colbreak_no||||||||||colbreak_no|||||||||\u00bb][vc_column tm_col_bg_expand=\u00bbleft\u00bb tm_zindex=\u00bb2&#8243; width=\u00bb5\/12&#8243; css=\u00bb.vc_custom_1580955335202{background-image: url(http:\/\/rosariognc.com\/web\/wp-content\/uploads\/2020\/02\/img-gnc-rosario-2.jpg?id=135) !important;background-position: center !important;background-repeat: no-repeat !important;background-size: cover !important;}\u00bb][\/vc_column][vc_column tm_bgcolor=\u00bbdarkgrey\u00bb tm_col_bg_expand=\u00bbright\u00bb tm_zindex=\u00bb2&#8243; width=\u00bb7\/12&#8243; css=\u00bb.vc_custom_1537006642491{margin-top: -68px !important;margin-left: -100px !important;padding-top: 61px !important;padding-right: 70px !important;padding-bottom: 100px !important;padding-left: 90px !important;}\u00bb tm_responsive_css=\u00bb58794642|colbreak_no|||||||||colbreak_no||||0px|35px|15px|35px|15px|colbreak_no||||||||||colbreak_no|||||||||\u00bb]<div class=\"tm-element-heading-wrapper tm-heading-inner tm-element-align-left tm-seperator-solid tm-heading-style-vertical \"><section class=\"tm-vc_cta3-container\"><div class=\"tm-vc_general tm-vc_cta3 tm-cta3-only tm-vc_cta3-style-classic tm-vc_cta3-shape-rounded tm-vc_cta3-align-left tm-vc_cta3-color-transparent tm-vc_cta3-icon-size-md tm-vc_cta3-actions-no tm-cta3-with-desc\"><div class=\"tm-vc_cta3_content-container\"><div class=\"tm-vc_cta3-content\"><header class=\"tm-vc_cta3-content-header tm-wrap\"><div class=\"tm-vc_cta3-headers tm-wrap-cell\"><h2 class=\"tm-custom-heading \" >El GNC y el ambiente<\/h2>\n<\/div><div class=\"heading-seperator\"><span><\/span><\/div><\/header><div class=\"tm-cta3-content-wrapper\"><p>El GNC es un combustible econ\u00f3mico, limpio que contribuye a proteger el medio ambiente y el aire que respiramos.<br \/>\nTodos los veh\u00edculos consumen gasolina y diesel en cantidades extraordinariamente altas dando como consecuencia una intolerable contaminaci\u00f3n del aire, esto no ocurre con los que utilizan GNC como combustible.<br \/>\nEl GNC reduce la contaminaci\u00f3n y nos da una mejor calidad de vida:<br \/>\nEl Gas Natural llega a todos lados por gasoductos y ca\u00f1er\u00edas en forma r\u00e1pida y segura, sin posibilidades de accidentes, derramamientos y contaminaci\u00f3n del medio ambiente.<br \/>\nLos veh\u00edculos que funcionan con GNC con sus emisiones menos contaminantes contribuyen a disminuir el alto costo social que causa la combusti\u00f3n de las gasolinas y el diesel.<br \/>\nCon GNC se reduce la contaminaci\u00f3n con mon\u00f3xido de carbono, hidrocarburos sin quemar, \u00f3xido nitroso, \u00f3xido de azufre y gases del Carter dando como resultado un aire limpio y puro.<br \/>\nEl GNC no contamina el aire con holl\u00edn ni micropart\u00edculas como lo hace el diesel.<\/p><\/div><\/div><\/div><\/div><\/section><\/div> <!-- .tm-element-heading-wrapper container --> [vc_row_inner el_class=\u00bbtm-column-inline\u00bb][vc_column_inner width=\u00bb1\/4&#8243; css=\u00bb.vc_custom_1536906271370{padding-right: 0px !important;padding-left: 0px !important;}\u00bb tm_responsive_css=\u00bb87974215|colbreak_no|||||||||colbreak_no||||||15px||15px|colbreak_no||||||||15px||colbreak_no|||||||||\u00bb]<div class=\"tm-vc_icon_element tm-vc_icon_element-outer tm-vc_icon_element-align-left  vc_custom_1580935721263\"><div class=\"tm-vc_icon_element-inner  tm-vc_icon_element-color-white tm-vc_icon_element-size-sm tm-vc_icon_element-style- tm-vc_icon_element-background-color-grey\" ><span class=\"tm-vc_icon_element-icon themifyicon ti-cloud\" ><\/span><\/div><\/div>[\/vc_column_inner][vc_column_inner width=\u00bb3\/4&#8243; css=\u00bb.vc_custom_1536906458682{padding-left: 0px !important;}\u00bb tm_responsive_css=\u00bb82396160|colbreak_no|||||||||colbreak_no|||||||||colbreak_no||||||||15px||colbreak_no|||||||||\u00bb]<h2 style=\"text-align:left;font-size:23px;line-height:28px;color:#ffffff;\" class=\"tm-custom-heading vc_custom_1580935612377\" >CALIDAD QUE SE RESPIRA<\/h2>\n[\/vc_column_inner][\/vc_row_inner][vc_row_inner css=\u00bb.vc_custom_1536899770550{padding-right: 85px !important;}\u00bb tm_responsive_css=\u00bb73394271|colbreak_no||||||0px|||colbreak_no|||||||||colbreak_no||||||||||colbreak_no|||||||||\u00bb][vc_column_inner][vc_column_text]El desarrollo creciente de una sociedad m\u00e1s educada y consciente de la importancia que tiene preservar el medio, es otra de las variables que inciden en el desarrollo del combustible gaseoso.<br \/>\nUtilizando GNC como combustible vehicular el mundo puede ser un mejor lugar para vivir.<\/p>\n<p>El GNC para el parque automotor surge a partir de una doble necesidad: por un lado la de reemplazar a los combustibles l\u00edquidos, y por otro la de consumir un combustible que no sea perjudicial para el medio ambiente. Hoy en d\u00eda, la mayor\u00eda de los estados del mundo promueven la diversidad energ\u00e9tica.[\/vc_column_text][\/vc_column_inner][\/vc_row_inner][\/vc_column][\/vc_row]<\/p>\n","protected":false},"excerpt":{"rendered":"<p>[vc_row tm_bgcolor=\u00bbgrey\u00bb tm_bgimagefixed=\u00bb\u00bb full_width=\u00bbstretch_row\u00bb css=\u00bb.vc_custom_1536922640343{padding-bottom: 100px !important;}\u00bb tm_responsive_css=\u00bb76751761|colbreak_no|||||||||colbreak_no|||||0px||0px||colbreak_no||||||||||colbreak_no|||||||||\u00bb][vc_column][\/vc_column][\/vc_row][vc_row tm_bgcolor=\u00bbwhite\u00bb tm_bgimagefixed=\u00bb\u00bb break_in_responsive=\u00bb991&#8243; tm_shadow=\u00bbyes\u00bb css=\u00bb.vc_custom_1580954550598{margin-top: -110px !important;margin-bottom: 94px !important;padding-top: 0px !important;padding-bottom: 10px !important;}\u00bb tm_responsive_css=\u00bb92183170|colbreak_no|||||||||colbreak_no|0px||65px||||||colbreak_no|||0px|||||||colbreak_no|||||||||\u00bb el_class=\u00bbsombra\u00bb][vc_column width=\u00bb7\/12&#8243; css=\u00bb.vc_custom_1537173403783{padding-top: 66px !important;padding-right: 35px !important;padding-bottom: 35px !important;padding-left: 35px !important;}\u00bb tm_responsive_css=\u00bb28822975|colbreak_no|||||||||colbreak_no||||||||15px|colbreak_no||||||||||colbreak_no|||||||||\u00bb][\/vc_column][vc_column width=\u00bb5\/12&#8243; css=\u00bb.vc_custom_1537173714107{padding-top: 60px !important;padding-bottom: 60px !important;padding-left: 20px !important;}\u00bb tm_responsive_css=\u00bb26195292|colbreak_no|||||||||colbreak_no|||||25px||||colbreak_no||||||||||colbreak_no|||||||||\u00bb][vc_row_inner css=\u00bb.vc_custom_1536905549410{margin-right: -150px !important;}\u00bb tm_responsive_css=\u00bb63863606|colbreak_no|||||||||colbreak_no|||||||||colbreak_no|||||||||1460|colbreak_no||0px|||||||\u00bb][vc_column_inner][vc_single_image image=\u00bb125&#8243; img_size=\u00bb900&#215;600&#8243; css=\u00bb.vc_custom_1580954835051{margin-bottom: 0px !important;}\u00bb el_class=\u00bbttm-custom-rightmargin-0px-991 sombra\u00bb][\/vc_column_inner][\/vc_row_inner][\/vc_column][\/vc_row][vc_row tm_bgimagefixed=\u00bb\u00bb &hellip; <a href=\"http:\/\/rosariognc.com\/web\/acerca-del-gnc\/\" class=\"more-link\">Continue reading <span class=\"screen-reader-text\">Acerca del GNC<\/span><\/a><\/p>\n","protected":false},"author":2,"featured_media":0,"parent":0,"menu_order":0,"comment_status":"closed","ping_status":"closed","template":"","meta":{"footnotes":""},"class_list":["post-81","page","type-page","status-publish","hentry"],"_links":{"self":[{"href":"http:\/\/rosariognc.com\/web\/wp-json\/wp\/v2\/pages\/81","targetHints":{"allow":["GET"]}}],"collection":[{"href":"http:\/\/rosariognc.com\/web\/wp-json\/wp\/v2\/pages"}],"about":[{"href":"http:\/\/rosariognc.com\/web\/wp-json\/wp\/v2\/types\/page"}],"author":[{"embeddable":true,"href":"http:\/\/rosariognc.com\/web\/wp-json\/wp\/v2\/users\/2"}],"replies":[{"embeddable":true,"href":"http:\/\/rosariognc.com\/web\/wp-json\/wp\/v2\/comments?post=81"}],"version-history":[{"count":24,"href":"http:\/\/rosariognc.com\/web\/wp-json\/wp\/v2\/pages\/81\/revisions"}],"predecessor-version":[{"id":138,"href":"http:\/\/rosariognc.com\/web\/wp-json\/wp\/v2\/pages\/81\/revisions\/138"}],"wp:attachment":[{"href":"http:\/\/rosariognc.com\/web\/wp-json\/wp\/v2\/media?parent=81"}],"curies":[{"name":"wp","href":"https:\/\/api.w.org\/{rel}","templated":true}]}}